{"id":339,"date":"2025-02-18T17:10:25","date_gmt":"2025-02-18T17:10:25","guid":{"rendered":"https:\/\/pogonswiebodzin.sklep.pl\/?post_type=product&#038;p=339"},"modified":"2025-02-18T17:24:25","modified_gmt":"2025-02-18T17:24:25","slug":"polo","status":"publish","type":"product","link":"https:\/\/pogonswiebodzin.sklep.pl\/index.php\/produkt\/polo\/","title":{"rendered":"Polo"},"content":{"rendered":"","protected":false},"excerpt":{"rendered":"<p>Koszulka polo\u00a0 to stylowy wyb\u00f3r dla ka\u017cdego. Wykonana z oddychaj\u0105cego materia\u0142u, zapewnia komfort przez ca\u0142y dzie\u0144. Klasyczny design z ko\u0142nierzykiem i logo klubu podkre\u015bla sportowy charakter, idealna na codzienne wyj\u015bcia. Wygoda i elegancja w jednym.<\/p>\n","protected":false},"featured_media":351,"comment_status":"open","ping_status":"closed","template":"","meta":[],"product_cat":[21,22,19],"product_tag":[],"class_list":{"0":"post-339","1":"product","2":"type-product","3":"status-publish","4":"has-post-thumbnail","6":"product_cat-akademia","7":"product_cat-lifestyle","8":"product_cat-meczowe","10":"first","11":"instock","12":"shipping-taxable","13":"purchasable","14":"product-type-variable"},"_links":{"self":[{"href":"https:\/\/pogonswiebodzin.sklep.pl\/index.php\/wp-json\/wp\/v2\/product\/339","targetHints":{"allow":["GET"]}}],"collection":[{"href":"https:\/\/pogonswiebodzin.sklep.pl\/index.php\/wp-json\/wp\/v2\/product"}],"about":[{"href":"https:\/\/pogonswiebodzin.sklep.pl\/index.php\/wp-json\/wp\/v2\/types\/product"}],"replies":[{"embeddable":true,"href":"https:\/\/pogonswiebodzin.sklep.pl\/index.php\/wp-json\/wp\/v2\/comments?post=339"}],"wp:featuredmedia":[{"embeddable":true,"href":"https:\/\/pogonswiebodzin.sklep.pl\/index.php\/wp-json\/wp\/v2\/media\/351"}],"wp:attachment":[{"href":"https:\/\/pogonswiebodzin.sklep.pl\/index.php\/wp-json\/wp\/v2\/media?parent=339"}],"wp:term":[{"taxonomy":"product_cat","embeddable":true,"href":"https:\/\/pogonswiebodzin.sklep.pl\/index.php\/wp-json\/wp\/v2\/product_cat?post=339"},{"taxonomy":"product_tag","embeddable":true,"href":"https:\/\/pogonswiebodzin.sklep.pl\/index.php\/wp-json\/wp\/v2\/product_tag?post=339"}],"curies":[{"name":"wp","href":"https:\/\/api.w.org\/{rel}","templated":true}]}}