{"id":353,"date":"2025-02-18T17:18:26","date_gmt":"2025-02-18T17:18:26","guid":{"rendered":"https:\/\/pogonswiebodzin.sklep.pl\/?post_type=product&#038;p=353"},"modified":"2025-02-18T17:24:31","modified_gmt":"2025-02-18T17:24:31","slug":"czapka","status":"publish","type":"product","link":"https:\/\/pogonswiebodzin.sklep.pl\/index.php\/produkt\/czapka\/","title":{"rendered":"Czapka"},"content":{"rendered":"","protected":false},"excerpt":{"rendered":"<div class=\"elementor-element elementor-element-72307415 elementor-widget elementor-widget-woocommerce-product-short-description\" data-id=\"72307415\" data-element_type=\"widget\" data-widget_type=\"woocommerce-product-short-description.default\">\n<div class=\"elementor-widget-container\">\n<div class=\"woocommerce-product-details__short-description\">\n<div class=\"flex max-w-full flex-col flex-grow\">\n<div class=\"min-h-8 text-message flex w-full flex-col items-end gap-2 whitespace-normal break-words text-start [.text-message+&amp;]:mt-5\" dir=\"auto\" data-message-author-role=\"assistant\" data-message-id=\"16235300-5d88-44d1-8729-cbb2d6075d74\" data-message-model-slug=\"gpt-4o\">\n<div class=\"flex w-full flex-col gap-1 empty:hidden first:pt-[3px]\">\n<div class=\"markdown prose w-full break-words dark:prose-invert light\">\n<div class=\"flex max-w-full flex-col flex-grow\">\n<div class=\"min-h-8 text-message flex w-full flex-col items-end gap-2 whitespace-normal break-words text-start [.text-message+&amp;]:mt-5\" dir=\"auto\" data-message-author-role=\"assistant\" data-message-id=\"560ee9bb-f0d9-4d58-bf79-b4d8c4034e8b\" data-message-model-slug=\"gpt-4o\">\n<div class=\"flex w-full flex-col gap-1 empty:hidden first:pt-[3px]\">\n<div class=\"markdown prose w-full break-words dark:prose-invert light\">\n<div class=\"flex max-w-full flex-col flex-grow\">\n<div class=\"min-h-8 text-message flex w-full flex-col items-end gap-2 whitespace-normal break-words text-start [.text-message+&amp;]:mt-5\" dir=\"auto\" data-message-author-role=\"assistant\" data-message-id=\"32077333-2a28-42f8-b3d4-b175be594d2b\" data-message-model-slug=\"gpt-4o\">\n<div class=\"flex w-full flex-col gap-1 empty:hidden first:pt-[3px]\">\n<div class=\"markdown prose w-full break-words dark:prose-invert light\">\n<p>Czapka poliestrowa to stylowy i funkcjonalny dodatek dla ka\u017cdego kibica. Wykonana z lekkiego, oddychaj\u0105cego poliestru, zapewnia komfort w ka\u017cd\u0105 pogod\u0119. Herb klubu z przodu podkre\u015bla przynale\u017cno\u015b\u0107 dru\u017cynow\u0105. Idealna na mecze i codzienne wyj\u015bcia!<\/p>\n<\/div>\n<\/div>\n<\/div>\n<\/div>\n<\/div>\n<\/div>\n<\/div>\n<\/div>\n<\/div>\n<\/div>\n<\/div>\n<\/div>\n<\/div>\n<\/div>\n<\/div>\n<div class=\"elementor-element elementor-element-70f5784f elementor-product-price-block-yes elementor-widget elementor-widget-woocommerce-product-price\" data-id=\"70f5784f\" data-element_type=\"widget\" data-widget_type=\"woocommerce-product-price.default\">\n<div class=\"elementor-widget-container\">\n<p class=\"price\">\n<\/div>\n<\/div>\n","protected":false},"featured_media":365,"comment_status":"open","ping_status":"closed","template":"","meta":[],"product_cat":[21,22,20],"product_tag":[],"class_list":{"0":"post-353","1":"product","2":"type-product","3":"status-publish","4":"has-post-thumbnail","6":"product_cat-akademia","7":"product_cat-lifestyle","8":"product_cat-trening","10":"first","11":"instock","12":"shipping-taxable","13":"purchasable","14":"product-type-variable"},"_links":{"self":[{"href":"https:\/\/pogonswiebodzin.sklep.pl\/index.php\/wp-json\/wp\/v2\/product\/353","targetHints":{"allow":["GET"]}}],"collection":[{"href":"https:\/\/pogonswiebodzin.sklep.pl\/index.php\/wp-json\/wp\/v2\/product"}],"about":[{"href":"https:\/\/pogonswiebodzin.sklep.pl\/index.php\/wp-json\/wp\/v2\/types\/product"}],"replies":[{"embeddable":true,"href":"https:\/\/pogonswiebodzin.sklep.pl\/index.php\/wp-json\/wp\/v2\/comments?post=353"}],"wp:featuredmedia":[{"embeddable":true,"href":"https:\/\/pogonswiebodzin.sklep.pl\/index.php\/wp-json\/wp\/v2\/media\/365"}],"wp:attachment":[{"href":"https:\/\/pogonswiebodzin.sklep.pl\/index.php\/wp-json\/wp\/v2\/media?parent=353"}],"wp:term":[{"taxonomy":"product_cat","embeddable":true,"href":"https:\/\/pogonswiebodzin.sklep.pl\/index.php\/wp-json\/wp\/v2\/product_cat?post=353"},{"taxonomy":"product_tag","embeddable":true,"href":"https:\/\/pogonswiebodzin.sklep.pl\/index.php\/wp-json\/wp\/v2\/product_tag?post=353"}],"curies":[{"name":"wp","href":"https:\/\/api.w.org\/{rel}","templated":true}]}}