{"id":385,"date":"2025-02-18T17:27:19","date_gmt":"2025-02-18T17:27:19","guid":{"rendered":"https:\/\/pogonswiebodzin.sklep.pl\/?post_type=product&#038;p=385"},"modified":"2025-02-18T17:30:40","modified_gmt":"2025-02-18T17:30:40","slug":"torba-treningowa","status":"publish","type":"product","link":"https:\/\/pogonswiebodzin.sklep.pl\/index.php\/produkt\/torba-treningowa\/","title":{"rendered":"Torba Treningowa"},"content":{"rendered":"","protected":false},"excerpt":{"rendered":"<div class=\"elementor-element elementor-element-72307415 elementor-widget elementor-widget-woocommerce-product-short-description\" data-id=\"72307415\" data-element_type=\"widget\" data-widget_type=\"woocommerce-product-short-description.default\">\n<div class=\"elementor-widget-container\">\n<div class=\"woocommerce-product-details__short-description\">\n<div class=\"flex max-w-full flex-col flex-grow\">\n<div class=\"min-h-8 text-message flex w-full flex-col items-end gap-2 whitespace-normal break-words text-start [.text-message+&amp;]:mt-5\" dir=\"auto\" data-message-author-role=\"assistant\" data-message-id=\"16235300-5d88-44d1-8729-cbb2d6075d74\" data-message-model-slug=\"gpt-4o\">\n<div class=\"flex w-full flex-col gap-1 empty:hidden first:pt-[3px]\">\n<div class=\"markdown prose w-full break-words dark:prose-invert light\">\n<div class=\"flex max-w-full flex-col flex-grow\">\n<div class=\"min-h-8 text-message flex w-full flex-col items-end gap-2 whitespace-normal break-words text-start [.text-message+&amp;]:mt-5\" dir=\"auto\" data-message-author-role=\"assistant\" data-message-id=\"560ee9bb-f0d9-4d58-bf79-b4d8c4034e8b\" data-message-model-slug=\"gpt-4o\">\n<div class=\"flex w-full flex-col gap-1 empty:hidden first:pt-[3px]\">\n<div class=\"markdown prose w-full break-words dark:prose-invert light\">\n<div class=\"flex max-w-full flex-col flex-grow\">\n<div class=\"min-h-8 text-message flex w-full flex-col items-end gap-2 whitespace-normal break-words text-start [.text-message+&amp;]:mt-5\" dir=\"auto\" data-message-author-role=\"assistant\" data-message-id=\"32077333-2a28-42f8-b3d4-b175be594d2b\" data-message-model-slug=\"gpt-4o\">\n<div class=\"flex w-full flex-col gap-1 empty:hidden first:pt-[3px]\">\n<div class=\"markdown prose w-full break-words dark:prose-invert light\">\n<p>Torba treningowa Pogo\u0144 \u015awiebodzin to praktyczny i stylowy dodatek dla ka\u017cdego sportowca. Wykonana z wytrzyma\u0142ych materia\u0142\u00f3w, posiada <strong data-start=\"133\" data-end=\"149\">podw\u00f3jne dno<\/strong>, kt\u00f3re pozwala na oddzielenie obuwia lub mokrej odzie\u017cy od reszty ekwipunku. Klasyczny design w barwach klubowych, wzbogacony o herb Pogoni \u015awiebodzin, podkre\u015bla przynale\u017cno\u015b\u0107 do dru\u017cyny. Idealna na treningi, mecze i codzienne u\u017cytkowanie.<\/p>\n<\/div>\n<\/div>\n<\/div>\n<\/div>\n<\/div>\n<\/div>\n<\/div>\n<\/div>\n<\/div>\n<\/div>\n<\/div>\n<\/div>\n<\/div>\n<\/div>\n<\/div>\n<div class=\"elementor-element elementor-element-70f5784f elementor-product-price-block-yes elementor-widget elementor-widget-woocommerce-product-price\" data-id=\"70f5784f\" data-element_type=\"widget\" data-widget_type=\"woocommerce-product-price.default\">\n<div class=\"elementor-widget-container\">\n<p class=\"price\">\n<\/div>\n<\/div>\n","protected":false},"featured_media":386,"comment_status":"open","ping_status":"closed","template":"","meta":[],"product_cat":[21,20],"product_tag":[],"class_list":{"0":"post-385","1":"product","2":"type-product","3":"status-publish","4":"has-post-thumbnail","6":"product_cat-akademia","7":"product_cat-trening","9":"first","10":"instock","11":"shipping-taxable","12":"purchasable","13":"product-type-simple"},"_links":{"self":[{"href":"https:\/\/pogonswiebodzin.sklep.pl\/index.php\/wp-json\/wp\/v2\/product\/385","targetHints":{"allow":["GET"]}}],"collection":[{"href":"https:\/\/pogonswiebodzin.sklep.pl\/index.php\/wp-json\/wp\/v2\/product"}],"about":[{"href":"https:\/\/pogonswiebodzin.sklep.pl\/index.php\/wp-json\/wp\/v2\/types\/product"}],"replies":[{"embeddable":true,"href":"https:\/\/pogonswiebodzin.sklep.pl\/index.php\/wp-json\/wp\/v2\/comments?post=385"}],"wp:featuredmedia":[{"embeddable":true,"href":"https:\/\/pogonswiebodzin.sklep.pl\/index.php\/wp-json\/wp\/v2\/media\/386"}],"wp:attachment":[{"href":"https:\/\/pogonswiebodzin.sklep.pl\/index.php\/wp-json\/wp\/v2\/media?parent=385"}],"wp:term":[{"taxonomy":"product_cat","embeddable":true,"href":"https:\/\/pogonswiebodzin.sklep.pl\/index.php\/wp-json\/wp\/v2\/product_cat?post=385"},{"taxonomy":"product_tag","embeddable":true,"href":"https:\/\/pogonswiebodzin.sklep.pl\/index.php\/wp-json\/wp\/v2\/product_tag?post=385"}],"curies":[{"name":"wp","href":"https:\/\/api.w.org\/{rel}","templated":true}]}}