{"id":67,"date":"2025-01-12T02:22:36","date_gmt":"2025-01-12T02:22:36","guid":{"rendered":"http:\/\/pogonswiebodzin.sklep.pl\/?post_type=product&#038;p=67"},"modified":"2025-02-18T13:34:21","modified_gmt":"2025-02-18T13:34:21","slug":"koszulka-meczowa-domowa","status":"publish","type":"product","link":"https:\/\/pogonswiebodzin.sklep.pl\/index.php\/produkt\/koszulka-meczowa-domowa\/","title":{"rendered":"Koszulka meczowa Domowa"},"content":{"rendered":"","protected":false},"excerpt":{"rendered":"<p>Koszulka meczowa Pogoni \u015awiebodzin to harmonijne po\u0142\u0105czenie tradycji i nowoczesno\u015bci. Wykonana z oddychaj\u0105cego, elastycznego materia\u0142u, dominuje w klubowych barwach granatu i czerwieni. Herb Pogoni zdobi pier\u015b, symbolizuj\u0105c dum\u0119 dru\u017cyny. Na plecach widnieje personalizowany numer zawodnika. Stylowa i funkcjonalna, stworzona dla pasjonat\u00f3w futbolu!<\/p>\n<p>&nbsp;<\/p>\n","protected":false},"featured_media":140,"comment_status":"open","ping_status":"closed","template":"","meta":[],"product_cat":[19],"product_tag":[],"class_list":{"0":"post-67","1":"product","2":"type-product","3":"status-publish","4":"has-post-thumbnail","6":"product_cat-meczowe","8":"first","9":"instock","10":"shipping-taxable","11":"purchasable","12":"product-type-variable"},"_links":{"self":[{"href":"https:\/\/pogonswiebodzin.sklep.pl\/index.php\/wp-json\/wp\/v2\/product\/67","targetHints":{"allow":["GET"]}}],"collection":[{"href":"https:\/\/pogonswiebodzin.sklep.pl\/index.php\/wp-json\/wp\/v2\/product"}],"about":[{"href":"https:\/\/pogonswiebodzin.sklep.pl\/index.php\/wp-json\/wp\/v2\/types\/product"}],"replies":[{"embeddable":true,"href":"https:\/\/pogonswiebodzin.sklep.pl\/index.php\/wp-json\/wp\/v2\/comments?post=67"}],"wp:featuredmedia":[{"embeddable":true,"href":"https:\/\/pogonswiebodzin.sklep.pl\/index.php\/wp-json\/wp\/v2\/media\/140"}],"wp:attachment":[{"href":"https:\/\/pogonswiebodzin.sklep.pl\/index.php\/wp-json\/wp\/v2\/media?parent=67"}],"wp:term":[{"taxonomy":"product_cat","embeddable":true,"href":"https:\/\/pogonswiebodzin.sklep.pl\/index.php\/wp-json\/wp\/v2\/product_cat?post=67"},{"taxonomy":"product_tag","embeddable":true,"href":"https:\/\/pogonswiebodzin.sklep.pl\/index.php\/wp-json\/wp\/v2\/product_tag?post=67"}],"curies":[{"name":"wp","href":"https:\/\/api.w.org\/{rel}","templated":true}]}}