{"id":91,"date":"2025-01-12T02:22:37","date_gmt":"2025-01-12T02:22:37","guid":{"rendered":"http:\/\/pogonswiebodzin.sklep.pl\/?post_type=product&#038;p=91"},"modified":"2025-02-18T13:33:42","modified_gmt":"2025-02-18T13:33:42","slug":"koszulka-meczowa-trzecia","status":"publish","type":"product","link":"https:\/\/pogonswiebodzin.sklep.pl\/index.php\/produkt\/koszulka-meczowa-trzecia\/","title":{"rendered":"Koszulka meczowa Trzecia"},"content":{"rendered":"","protected":false},"excerpt":{"rendered":"<div class=\"flex max-w-full flex-col flex-grow\">\n<div class=\"min-h-8 text-message flex w-full flex-col items-end gap-2 whitespace-normal break-words text-start [.text-message+&amp;]:mt-5\" dir=\"auto\" data-message-author-role=\"assistant\" data-message-id=\"16235300-5d88-44d1-8729-cbb2d6075d74\" data-message-model-slug=\"gpt-4o\">\n<div class=\"flex w-full flex-col gap-1 empty:hidden first:pt-[3px]\">\n<div class=\"markdown prose w-full break-words dark:prose-invert light\">\n<div class=\"flex max-w-full flex-col flex-grow\">\n<div class=\"min-h-8 text-message flex w-full flex-col items-end gap-2 whitespace-normal break-words text-start [.text-message+&amp;]:mt-5\" dir=\"auto\" data-message-author-role=\"assistant\" data-message-id=\"560ee9bb-f0d9-4d58-bf79-b4d8c4034e8b\" data-message-model-slug=\"gpt-4o\">\n<div class=\"flex w-full flex-col gap-1 empty:hidden first:pt-[3px]\">\n<div class=\"markdown prose w-full break-words dark:prose-invert light\">\n<div class=\"flex max-w-full flex-col flex-grow\">\n<div class=\"min-h-8 text-message flex w-full flex-col items-end gap-2 whitespace-normal break-words text-start [.text-message+&amp;]:mt-5\" dir=\"auto\" data-message-author-role=\"assistant\" data-message-id=\"6d102409-6efe-43bc-9bad-82a29c1e70d2\" data-message-model-slug=\"gpt-4o\">\n<div class=\"flex w-full flex-col gap-1 empty:hidden first:pt-[3px]\">\n<div class=\"markdown prose w-full break-words dark:prose-invert light\">\n<p>Trzecia koszulka meczowa Pogoni \u015awiebodzin to elegancja i si\u0142a w czystej formie. Czarna baza z wyrazistymi czerwonymi i bia\u0142ymi akcentami podkre\u015bla charakter dru\u017cyny. Lekki, oddychaj\u0105cy materia\u0142 zapewnia komfort podczas gry. Herb klubu zdobi pier\u015b, a personalizowany numer i nazwisko wyr\u00f3\u017cniaj\u0105 plecy. Styl i funkcjonalno\u015b\u0107 w jednym!<\/p>\n<\/div>\n<\/div>\n<\/div>\n<\/div>\n<\/div>\n<\/div>\n<\/div>\n<\/div>\n<div class=\"mb-2 flex gap-3 empty:hidden -ml-2\">\n<div class=\"items-center justify-start rounded-xl p-1 flex\">\n<div class=\"flex items-center\">\n<div class=\"flex items-center pb-0\"><\/div>\n<\/div>\n<\/div>\n<\/div>\n<\/div>\n<\/div>\n<\/div>\n<\/div>\n","protected":false},"featured_media":144,"comment_status":"open","ping_status":"closed","template":"","meta":[],"product_cat":[19],"product_tag":[],"class_list":{"0":"post-91","1":"product","2":"type-product","3":"status-publish","4":"has-post-thumbnail","6":"product_cat-meczowe","8":"first","9":"instock","10":"shipping-taxable","11":"purchasable","12":"product-type-variable"},"_links":{"self":[{"href":"https:\/\/pogonswiebodzin.sklep.pl\/index.php\/wp-json\/wp\/v2\/product\/91","targetHints":{"allow":["GET"]}}],"collection":[{"href":"https:\/\/pogonswiebodzin.sklep.pl\/index.php\/wp-json\/wp\/v2\/product"}],"about":[{"href":"https:\/\/pogonswiebodzin.sklep.pl\/index.php\/wp-json\/wp\/v2\/types\/product"}],"replies":[{"embeddable":true,"href":"https:\/\/pogonswiebodzin.sklep.pl\/index.php\/wp-json\/wp\/v2\/comments?post=91"}],"wp:featuredmedia":[{"embeddable":true,"href":"https:\/\/pogonswiebodzin.sklep.pl\/index.php\/wp-json\/wp\/v2\/media\/144"}],"wp:attachment":[{"href":"https:\/\/pogonswiebodzin.sklep.pl\/index.php\/wp-json\/wp\/v2\/media?parent=91"}],"wp:term":[{"taxonomy":"product_cat","embeddable":true,"href":"https:\/\/pogonswiebodzin.sklep.pl\/index.php\/wp-json\/wp\/v2\/product_cat?post=91"},{"taxonomy":"product_tag","embeddable":true,"href":"https:\/\/pogonswiebodzin.sklep.pl\/index.php\/wp-json\/wp\/v2\/product_tag?post=91"}],"curies":[{"name":"wp","href":"https:\/\/api.w.org\/{rel}","templated":true}]}}